{"id":392,"date":"2018-07-26T07:17:24","date_gmt":"2018-07-26T07:17:24","guid":{"rendered":"http:\/\/lmsdemo.loc\/lms-white\/?page_id=392"},"modified":"2022-10-04T14:47:43","modified_gmt":"2022-10-04T14:47:43","slug":"about-us","status":"publish","type":"page","link":"https:\/\/nobisacademy.com\/?page_id=392","title":{"rendered":"About Us"},"content":{"rendered":"\t\t<div data-elementor-type=\"wp-page\" data-elementor-id=\"392\" class=\"elementor elementor-392\">\n\t\t\t\t\t\t<section class=\"elementor-section elementor-top-section elementor-element elementor-element-72fa60d animated-slow elementor-section-boxed elementor-section-height-default elementor-section-height-default elementor-invisible\" data-id=\"72fa60d\" data-element_type=\"section\" data-e-type=\"section\" data-settings=\"{&quot;animation&quot;:&quot;bounceInRight&quot;}\">\n\t\t\t\t\t\t<div class=\"elementor-container elementor-column-gap-default\">\n\t\t\t\t\t<div class=\"elementor-column elementor-col-50 elementor-top-column elementor-element elementor-element-02748e9\" data-id=\"02748e9\" data-element_type=\"column\" data-e-type=\"column\">\n\t\t\t<div class=\"elementor-widget-wrap elementor-element-populated\">\n\t\t\t\t\t\t<div class=\"elementor-element elementor-element-685ab5d elementor-widget elementor-widget-heading\" data-id=\"685ab5d\" data-element_type=\"widget\" data-e-type=\"widget\" data-widget_type=\"heading.default\">\n\t\t\t\t<div class=\"elementor-widget-container\">\n\t\t\t\t\t<h2 class=\"elementor-heading-title elementor-size-xl\">Nobis Academy Nedir?\n<\/h2>\t\t\t\t<\/div>\n\t\t\t\t<\/div>\n\t\t\t\t<div class=\"elementor-element elementor-element-ac6c1a9 elementor-widget-divider--view-line elementor-widget elementor-widget-divider\" data-id=\"ac6c1a9\" data-element_type=\"widget\" data-e-type=\"widget\" data-widget_type=\"divider.default\">\n\t\t\t\t<div class=\"elementor-widget-container\">\n\t\t\t\t\t\t\t<div class=\"elementor-divider\">\n\t\t\t<span class=\"elementor-divider-separator\">\n\t\t\t\t\t\t<\/span>\n\t\t<\/div>\n\t\t\t\t\t\t<\/div>\n\t\t\t\t<\/div>\n\t\t\t\t<div class=\"elementor-element elementor-element-bbd33b5 elementor-widget elementor-widget-spacer\" data-id=\"bbd33b5\" data-element_type=\"widget\" data-e-type=\"widget\" data-widget_type=\"spacer.default\">\n\t\t\t\t<div class=\"elementor-widget-container\">\n\t\t\t\t\t\t\t<div class=\"elementor-spacer\">\n\t\t\t<div class=\"elementor-spacer-inner\"><\/div>\n\t\t<\/div>\n\t\t\t\t\t\t<\/div>\n\t\t\t\t<\/div>\n\t\t\t\t<div class=\"elementor-element elementor-element-d58240c elementor-widget elementor-widget-heading\" data-id=\"d58240c\" data-element_type=\"widget\" data-e-type=\"widget\" data-widget_type=\"heading.default\">\n\t\t\t\t<div class=\"elementor-widget-container\">\n\t\t\t\t\t<h2 class=\"elementor-heading-title elementor-size-medium\">Hakan G\u00fcrsu taraf\u0131ndan kurulmu\u015f olan Nobis Academy, tasar\u0131m e\u011fitimlerindeki eksikliklere odaklanan, yenilik\u00e7i de\u011ferleri b\u00fct\u00fcnl\u00fck\u00e7\u00fc bir yakla\u015f\u0131m ile birle\u015ftirerek \u00f6\u011frencilerine ba\u015far\u0131l\u0131 bir \u00f6\u011frenim s\u00fcreci olu\u015fturan bir e\u011fitim merkezidir.<\/h2>\t\t\t\t<\/div>\n\t\t\t\t<\/div>\n\t\t\t\t<section class=\"elementor-section elementor-inner-section elementor-element elementor-element-57c1085 elementor-section-boxed elementor-section-height-default elementor-section-height-default\" data-id=\"57c1085\" data-element_type=\"section\" data-e-type=\"section\">\n\t\t\t\t\t\t<div class=\"elementor-container elementor-column-gap-default\">\n\t\t\t\t\t<div class=\"elementor-column elementor-col-50 elementor-inner-column elementor-element elementor-element-6ebcc06\" data-id=\"6ebcc06\" data-element_type=\"column\" data-e-type=\"column\">\n\t\t\t<div class=\"elementor-widget-wrap elementor-element-populated\">\n\t\t\t\t\t\t<div class=\"elementor-element elementor-element-4c9e5c8 elementor-view-default elementor-widget elementor-widget-icon\" data-id=\"4c9e5c8\" data-element_type=\"widget\" data-e-type=\"widget\" data-widget_type=\"icon.default\">\n\t\t\t\t<div class=\"elementor-widget-container\">\n\t\t\t\t\t\t\t<div class=\"elementor-icon-wrapper\">\n\t\t\t<div class=\"elementor-icon\">\n\t\t\t<i aria-hidden=\"true\" class=\"far fa-thumbs-up\"><\/i>\t\t\t<\/div>\n\t\t<\/div>\n\t\t\t\t\t\t<\/div>\n\t\t\t\t<\/div>\n\t\t\t\t\t<\/div>\n\t\t<\/div>\n\t\t\t\t<div class=\"elementor-column elementor-col-50 elementor-inner-column elementor-element elementor-element-7c56b4c\" data-id=\"7c56b4c\" data-element_type=\"column\" data-e-type=\"column\">\n\t\t\t<div class=\"elementor-widget-wrap elementor-element-populated\">\n\t\t\t\t\t\t<div class=\"elementor-element elementor-element-704b61e elementor-widget elementor-widget-text-editor\" data-id=\"704b61e\" data-element_type=\"widget\" data-e-type=\"widget\" data-widget_type=\"text-editor.default\">\n\t\t\t\t<div class=\"elementor-widget-container\">\n\t\t\t\t\t\t\t\t\t<p>\u00d6zg\u00fcn i\u015fler yapabilen, eme\u011fe sayg\u0131l\u0131, yenilik\u00e7i, orijinal olma bilincini olu\u015fturmak,<\/p>\n\t\t\t\t\t\t\t\t<\/div>\n\t\t\t\t<\/div>\n\t\t\t\t\t<\/div>\n\t\t<\/div>\n\t\t\t\t\t<\/div>\n\t\t<\/section>\n\t\t\t\t<section class=\"elementor-section elementor-inner-section elementor-element elementor-element-a8cc28e elementor-section-boxed elementor-section-height-default elementor-section-height-default\" data-id=\"a8cc28e\" data-element_type=\"section\" data-e-type=\"section\">\n\t\t\t\t\t\t<div class=\"elementor-container elementor-column-gap-default\">\n\t\t\t\t\t<div class=\"elementor-column elementor-col-50 elementor-inner-column elementor-element elementor-element-8f429db\" data-id=\"8f429db\" data-element_type=\"column\" data-e-type=\"column\">\n\t\t\t<div class=\"elementor-widget-wrap elementor-element-populated\">\n\t\t\t\t\t\t<div class=\"elementor-element elementor-element-ab5ae71 elementor-view-default elementor-widget elementor-widget-icon\" data-id=\"ab5ae71\" data-element_type=\"widget\" data-e-type=\"widget\" data-widget_type=\"icon.default\">\n\t\t\t\t<div class=\"elementor-widget-container\">\n\t\t\t\t\t\t\t<div class=\"elementor-icon-wrapper\">\n\t\t\t<div class=\"elementor-icon\">\n\t\t\t<i aria-hidden=\"true\" class=\"far fa-thumbs-up\"><\/i>\t\t\t<\/div>\n\t\t<\/div>\n\t\t\t\t\t\t<\/div>\n\t\t\t\t<\/div>\n\t\t\t\t\t<\/div>\n\t\t<\/div>\n\t\t\t\t<div class=\"elementor-column elementor-col-50 elementor-inner-column elementor-element elementor-element-479efcc\" data-id=\"479efcc\" data-element_type=\"column\" data-e-type=\"column\">\n\t\t\t<div class=\"elementor-widget-wrap elementor-element-populated\">\n\t\t\t\t\t\t<div class=\"elementor-element elementor-element-383c214 elementor-widget elementor-widget-text-editor\" data-id=\"383c214\" data-element_type=\"widget\" data-e-type=\"widget\" data-widget_type=\"text-editor.default\">\n\t\t\t\t<div class=\"elementor-widget-container\">\n\t\t\t\t\t\t\t\t\t<p>Alan\u0131nda d\u00fcnya da olu\u015fan geli\u015fmeleri takip eden bir strateji ile uygulama becerisi ve cesaretine sahip olan bireyler yeti\u015ftirmek,<\/p>\n\t\t\t\t\t\t\t\t<\/div>\n\t\t\t\t<\/div>\n\t\t\t\t\t<\/div>\n\t\t<\/div>\n\t\t\t\t\t<\/div>\n\t\t<\/section>\n\t\t\t\t<section class=\"elementor-section elementor-inner-section elementor-element elementor-element-041a3c0 elementor-section-boxed elementor-section-height-default elementor-section-height-default\" data-id=\"041a3c0\" data-element_type=\"section\" data-e-type=\"section\">\n\t\t\t\t\t\t<div class=\"elementor-container elementor-column-gap-default\">\n\t\t\t\t\t<div class=\"elementor-column elementor-col-50 elementor-inner-column elementor-element elementor-element-ec0039a\" data-id=\"ec0039a\" data-element_type=\"column\" data-e-type=\"column\">\n\t\t\t<div class=\"elementor-widget-wrap elementor-element-populated\">\n\t\t\t\t\t\t<div class=\"elementor-element elementor-element-0bf8d7c elementor-view-default elementor-widget elementor-widget-icon\" data-id=\"0bf8d7c\" data-element_type=\"widget\" data-e-type=\"widget\" data-widget_type=\"icon.default\">\n\t\t\t\t<div class=\"elementor-widget-container\">\n\t\t\t\t\t\t\t<div class=\"elementor-icon-wrapper\">\n\t\t\t<div class=\"elementor-icon\">\n\t\t\t<i aria-hidden=\"true\" class=\"far fa-thumbs-up\"><\/i>\t\t\t<\/div>\n\t\t<\/div>\n\t\t\t\t\t\t<\/div>\n\t\t\t\t<\/div>\n\t\t\t\t\t<\/div>\n\t\t<\/div>\n\t\t\t\t<div class=\"elementor-column elementor-col-50 elementor-inner-column elementor-element elementor-element-c24c0c4\" data-id=\"c24c0c4\" data-element_type=\"column\" data-e-type=\"column\">\n\t\t\t<div class=\"elementor-widget-wrap elementor-element-populated\">\n\t\t\t\t\t\t<div class=\"elementor-element elementor-element-b427d0f elementor-widget elementor-widget-text-editor\" data-id=\"b427d0f\" data-element_type=\"widget\" data-e-type=\"widget\" data-widget_type=\"text-editor.default\">\n\t\t\t\t<div class=\"elementor-widget-container\">\n\t\t\t\t\t\t\t\t\t<p>Geleneksel ve evrensel de\u011ferleri alg\u0131lan\u0131p, benimseyip bu \u00f6nemli iki etmene katk\u0131 sa\u011flamak,<\/p>\n\t\t\t\t\t\t\t\t<\/div>\n\t\t\t\t<\/div>\n\t\t\t\t\t<\/div>\n\t\t<\/div>\n\t\t\t\t\t<\/div>\n\t\t<\/section>\n\t\t\t\t\t<\/div>\n\t\t<\/div>\n\t\t\t\t<div class=\"elementor-column elementor-col-50 elementor-top-column elementor-element elementor-element-e78ad45\" data-id=\"e78ad45\" data-element_type=\"column\" data-e-type=\"column\">\n\t\t\t<div class=\"elementor-widget-wrap elementor-element-populated\">\n\t\t\t\t\t\t<div class=\"elementor-element elementor-element-538571f elementor-widget elementor-widget-image\" data-id=\"538571f\" data-element_type=\"widget\" data-e-type=\"widget\" data-widget_type=\"image.default\">\n\t\t\t\t<div class=\"elementor-widget-container\">\n\t\t\t\t\t\t\t\t\t\t\t\t\t\t\t<img fetchpriority=\"high\" decoding=\"async\" width=\"2048\" height=\"1715\" src=\"https:\/\/nobisacademy.com\/wp-content\/uploads\/2022\/09\/INT-SITE-1-2048x1715.jpg\" class=\"attachment-2048x2048 size-2048x2048 wp-image-6097\" alt=\"\" srcset=\"https:\/\/nobisacademy.com\/wp-content\/uploads\/2022\/09\/INT-SITE-1-2048x1715.jpg 2048w, https:\/\/nobisacademy.com\/wp-content\/uploads\/2022\/09\/INT-SITE-1-300x251.jpg 300w, https:\/\/nobisacademy.com\/wp-content\/uploads\/2022\/09\/INT-SITE-1-1024x857.jpg 1024w, https:\/\/nobisacademy.com\/wp-content\/uploads\/2022\/09\/INT-SITE-1-768x643.jpg 768w, https:\/\/nobisacademy.com\/wp-content\/uploads\/2022\/09\/INT-SITE-1-1536x1286.jpg 1536w, https:\/\/nobisacademy.com\/wp-content\/uploads\/2022\/09\/INT-SITE-1-600x502.jpg 600w\" sizes=\"(max-width: 2048px) 100vw, 2048px\" \/>\t\t\t\t\t\t\t\t\t\t\t\t\t\t\t<\/div>\n\t\t\t\t<\/div>\n\t\t\t\t\t<\/div>\n\t\t<\/div>\n\t\t\t\t\t<\/div>\n\t\t<\/section>\n\t\t\t\t<section class=\"elementor-section elementor-top-section elementor-element elementor-element-1dd81c4 elementor-reverse-tablet elementor-reverse-mobile elementor-section-boxed elementor-section-height-default elementor-section-height-default\" data-id=\"1dd81c4\" data-element_type=\"section\" data-e-type=\"section\">\n\t\t\t\t\t\t<div class=\"elementor-container elementor-column-gap-default\">\n\t\t\t\t\t<div class=\"elementor-column elementor-col-100 elementor-top-column elementor-element elementor-element-9ada506\" data-id=\"9ada506\" data-element_type=\"column\" data-e-type=\"column\">\n\t\t\t<div class=\"elementor-widget-wrap elementor-element-populated\">\n\t\t\t\t\t\t<section class=\"elementor-section elementor-inner-section elementor-element elementor-element-b628057 animated-slow elementor-section-boxed elementor-section-height-default elementor-section-height-default elementor-invisible\" data-id=\"b628057\" data-element_type=\"section\" data-e-type=\"section\" data-settings=\"{&quot;animation&quot;:&quot;bounceInLeft&quot;}\">\n\t\t\t\t\t\t<div class=\"elementor-container elementor-column-gap-default\">\n\t\t\t\t\t<div class=\"elementor-column elementor-col-50 elementor-inner-column elementor-element elementor-element-1cdc281\" data-id=\"1cdc281\" data-element_type=\"column\" data-e-type=\"column\">\n\t\t\t<div class=\"elementor-widget-wrap elementor-element-populated\">\n\t\t\t\t\t\t<div class=\"elementor-element elementor-element-4ee639f elementor-widget elementor-widget-image\" data-id=\"4ee639f\" data-element_type=\"widget\" data-e-type=\"widget\" data-widget_type=\"image.default\">\n\t\t\t\t<div class=\"elementor-widget-container\">\n\t\t\t\t\t\t\t\t\t\t\t\t\t\t\t<img decoding=\"async\" width=\"1020\" height=\"1536\" src=\"https:\/\/nobisacademy.com\/wp-content\/uploads\/2022\/01\/DSC_6669-2-1020x1536.png\" class=\"attachment-1536x1536 size-1536x1536 wp-image-5181\" alt=\"\" srcset=\"https:\/\/nobisacademy.com\/wp-content\/uploads\/2022\/01\/DSC_6669-2-1020x1536.png 1020w, https:\/\/nobisacademy.com\/wp-content\/uploads\/2022\/01\/DSC_6669-2-199x300.png 199w, https:\/\/nobisacademy.com\/wp-content\/uploads\/2022\/01\/DSC_6669-2-680x1024.png 680w, https:\/\/nobisacademy.com\/wp-content\/uploads\/2022\/01\/DSC_6669-2-768x1156.png 768w, https:\/\/nobisacademy.com\/wp-content\/uploads\/2022\/01\/DSC_6669-2-1360x2048.png 1360w, https:\/\/nobisacademy.com\/wp-content\/uploads\/2022\/01\/DSC_6669-2-600x903.png 600w\" sizes=\"(max-width: 1020px) 100vw, 1020px\" \/>\t\t\t\t\t\t\t\t\t\t\t\t\t\t\t<\/div>\n\t\t\t\t<\/div>\n\t\t\t\t\t<\/div>\n\t\t<\/div>\n\t\t\t\t<div class=\"elementor-column elementor-col-50 elementor-inner-column elementor-element elementor-element-35d5af1\" data-id=\"35d5af1\" data-element_type=\"column\" data-e-type=\"column\">\n\t\t\t<div class=\"elementor-widget-wrap elementor-element-populated\">\n\t\t\t\t\t\t<div class=\"elementor-element elementor-element-0504ef6 elementor-widget elementor-widget-heading\" data-id=\"0504ef6\" data-element_type=\"widget\" data-e-type=\"widget\" data-widget_type=\"heading.default\">\n\t\t\t\t<div class=\"elementor-widget-container\">\n\t\t\t\t\t<h2 class=\"elementor-heading-title elementor-size-default\">Dr. Hakan G\u00fcrsu Kimdir<\/h2>\t\t\t\t<\/div>\n\t\t\t\t<\/div>\n\t\t\t\t<div class=\"elementor-element elementor-element-90ddbf7 elementor-widget-divider--view-line elementor-widget elementor-widget-divider\" data-id=\"90ddbf7\" data-element_type=\"widget\" data-e-type=\"widget\" data-widget_type=\"divider.default\">\n\t\t\t\t<div class=\"elementor-widget-container\">\n\t\t\t\t\t\t\t<div class=\"elementor-divider\">\n\t\t\t<span class=\"elementor-divider-separator\">\n\t\t\t\t\t\t<\/span>\n\t\t<\/div>\n\t\t\t\t\t\t<\/div>\n\t\t\t\t<\/div>\n\t\t\t\t<div class=\"elementor-element elementor-element-70555b6 elementor-widget elementor-widget-spacer\" data-id=\"70555b6\" data-element_type=\"widget\" data-e-type=\"widget\" data-widget_type=\"spacer.default\">\n\t\t\t\t<div class=\"elementor-widget-container\">\n\t\t\t\t\t\t\t<div class=\"elementor-spacer\">\n\t\t\t<div class=\"elementor-spacer-inner\"><\/div>\n\t\t<\/div>\n\t\t\t\t\t\t<\/div>\n\t\t\t\t<\/div>\n\t\t\t\t<div class=\"elementor-element elementor-element-47cf6de elementor-widget elementor-widget-heading\" data-id=\"47cf6de\" data-element_type=\"widget\" data-e-type=\"widget\" data-widget_type=\"heading.default\">\n\t\t\t\t<div class=\"elementor-widget-container\">\n\t\t\t\t\t<h2 class=\"elementor-heading-title elementor-size-medium\">Hakan G\u00fcrsu, Orta Do\u011fu Teknik \u00dcniversitesi End\u00fcstriyel Tasar\u0131m b\u00f6l\u00fcm\u00fcnde Do\u00e7. Profes\u00f6r Doktor. ayn\u0131 zamanda Designnobis tasar\u0131m \u015firketinin ve Nobis Academy e\u011fitim merkezinin kurucusu\/y\u00f6neticisidir.<br>\nHakan G\u00fcrsu, Orta Do\u011fu Teknik \u00dcniversitesi End\u00fcstri \u00dcr\u00fcnleri Tasar\u0131m\u0131 B\u00f6l\u00fcm\u00fc'nden 1984 y\u0131l\u0131nda birincilikle mezun olmu\u015f, Mimarl\u0131k Y\u00fcksek Lisans\u0131n\u0131 ve \u015eehir B\u00f6lge Planlama Doktoras\u0131n\u0131 tamamlam\u0131\u015ft\u0131r. \u00dcr\u00fcn tasar\u0131m\u0131, i\u00e7 mimari ve \u015fehircilik gibi \u00e7e\u015fitli projelerde ve Rusya ve Japonya dahil olmak \u00fczere \u00e7e\u015fitli merkezlerde mesle\u011fini s\u00fcrd\u00fcrd\u00fc. 1991 y\u0131l\u0131nda Japon End\u00fcstriyel Tasar\u0131m Derne\u011fi taraf\u0131ndan \"Tasar\u0131m\u0131n \u00d6nc\u00fcs\u00fc\" \u00f6d\u00fcl\u00fcne lay\u0131k g\u00f6r\u00fcld\u00fc. \u00dcr\u00fcn ve mekan tasar\u0131mlar\u0131 bir\u00e7ok \u00f6d\u00fcl ve \u00f6vg\u00fc ald\u0131. 2006 y\u0131l\u0131nda kurdu\u011fu DESIGNNOBIS Tasar\u0131m \/ \u0130novasyon firmas\u0131 T\u00fcrkiye'nin En B\u00fcy\u00fck 40 Giri\u015fimci Firmas\u0131 aras\u0131nda se\u00e7ildi. 13 y\u0131lda 240'\u0131n \u00fczerinde tasar\u0131m \u00f6d\u00fcl\u00fc kazanarak d\u00fcnyan\u0131n prestijli tasar\u0131m yar\u0131\u015fmalar\u0131nda onurland\u0131r\u0131ld\u0131 ve AB'de d\u00fczenlenen D\u00fcnya Tasar\u0131m S\u0131ralamalar\u0131nda T\u00fcrkiye'yi ikinci s\u0131raya ta\u015f\u0131d\u0131. TEDx, Intel, Coca Cola, IBM ve D\u00fcnya Bankas\u0131 dahil olmak \u00fczere bir\u00e7ok ulusal ve uluslararas\u0131 organizasyona inovasyon, yarat\u0131c\u0131 d\u00fc\u015f\u00fcnme, tasar\u0131m ve Ar-Ge konular\u0131nda konu\u015fmac\u0131 olarak katk\u0131da bulunmu\u015ftur. Bu alandaki deneyimlerini yans\u0131tan \u201c\u0130novasyon\u201d kitab\u0131 2014 y\u0131l\u0131nda yay\u0131nland\u0131. Ard\u0131ndan Milano'da Uluslararas\u0131 Tasar\u0131mc\u0131lar Birli\u011fi taraf\u0131ndan \u201cY\u0131l\u0131n Tasar\u0131mc\u0131s\u0131\u201d olarak onurland\u0131r\u0131ld\u0131. Tekne, oyuncak ve mobilyadan t\u00fcketici elektroni\u011fine kadar uzanan \u00e7evre dostu ve vizyoner projeleri, ortak sorunlara al\u0131\u015f\u0131lmad\u0131k \u00e7\u00f6z\u00fcmler getiriyor. <br><br>Hakan G\u00fcrsu y\u0131llarca i\u00e7inde kazanm\u0131\u015f oldu\u011fu \u00e7izim ve tasar\u0131m birikimini \u00f6\u011frencilerine aktarmak amac\u0131 ile Nobis Academy'yi kurdu.  <\/h2>\t\t\t\t<\/div>\n\t\t\t\t<\/div>\n\t\t\t\t<div class=\"elementor-element elementor-element-11f91b4 elementor-widget elementor-widget-heading\" data-id=\"11f91b4\" data-element_type=\"widget\" data-e-type=\"widget\" data-widget_type=\"heading.default\">\n\t\t\t\t<div class=\"elementor-widget-container\">\n\t\t\t\t\t<h2 class=\"elementor-heading-title elementor-size-medium\"><a href=\"https:\/\/www.hakangursu.com\"><h2 class=\"elementor-heading-title elementor-size-medium elementor-inline-editing pen\" data-elementor-setting-key=\"title\" data-pen-placeholder=\"Buraya yaz...\" style=\"font-family: var( --e-global-typography-secondary-font-family ), Sans-serif;font-weight: var( --e-global-typography-secondary-font-weight )\">Hakan G\u00fcrsu hakk\u0131nda Daha fazla bilgi \u00f6\u011frenmek i\u00e7in T\u0131klay\u0131n\u0131z.<\/h2><\/a><\/h2>\t\t\t\t<\/div>\n\t\t\t\t<\/div>\n\t\t\t\t\t<\/div>\n\t\t<\/div>\n\t\t\t\t\t<\/div>\n\t\t<\/section>\n\t\t\t\t\t<\/div>\n\t\t<\/div>\n\t\t\t\t\t<\/div>\n\t\t<\/section>\n\t\t\t\t<\/div>\n\t\t","protected":false},"excerpt":{"rendered":"<p>Nobis Academy Nedir? Hakan G\u00fcrsu taraf\u0131ndan kurulmu\u015f olan Nobis Academy, tasar\u0131m e\u011fitimlerindeki eksikliklere odaklanan, yenilik\u00e7i de\u011ferleri b\u00fct\u00fcnl\u00fck\u00e7\u00fc bir yakla\u015f\u0131m ile birle\u015ftirerek \u00f6\u011frencilerine ba\u015far\u0131l\u0131 bir \u00f6\u011frenim s\u00fcreci olu\u015fturan bir e\u011fitim merkezidir. \u00d6zg\u00fcn i\u015fler yapabilen, eme\u011fe sayg\u0131l\u0131, yenilik\u00e7i, orijinal olma bilincini olu\u015fturmak, Alan\u0131nda d\u00fcnya da olu\u015fan geli\u015fmeleri takip eden bir strateji ile uygulama becerisi ve cesaretine sahip [&hellip;]<\/p>\n","protected":false},"author":1,"featured_media":0,"parent":0,"menu_order":0,"comment_status":"closed","ping_status":"closed","template":"","meta":{"pmpro_default_level":0,"footnotes":""},"class_list":["post-392","page","type-page","status-publish","hentry","pmpro-has-access"],"_links":{"self":[{"href":"https:\/\/nobisacademy.com\/index.php?rest_route=\/wp\/v2\/pages\/392","targetHints":{"allow":["GET"]}}],"collection":[{"href":"https:\/\/nobisacademy.com\/index.php?rest_route=\/wp\/v2\/pages"}],"about":[{"href":"https:\/\/nobisacademy.com\/index.php?rest_route=\/wp\/v2\/types\/page"}],"author":[{"embeddable":true,"href":"https:\/\/nobisacademy.com\/index.php?rest_route=\/wp\/v2\/users\/1"}],"replies":[{"embeddable":true,"href":"https:\/\/nobisacademy.com\/index.php?rest_route=%2Fwp%2Fv2%2Fcomments&post=392"}],"version-history":[{"count":63,"href":"https:\/\/nobisacademy.com\/index.php?rest_route=\/wp\/v2\/pages\/392\/revisions"}],"predecessor-version":[{"id":6310,"href":"https:\/\/nobisacademy.com\/index.php?rest_route=\/wp\/v2\/pages\/392\/revisions\/6310"}],"wp:attachment":[{"href":"https:\/\/nobisacademy.com\/index.php?rest_route=%2Fwp%2Fv2%2Fmedia&parent=392"}],"curies":[{"name":"wp","href":"https:\/\/api.w.org\/{rel}","templated":true}]}}